{"id":119,"date":"2023-05-16T11:25:24","date_gmt":"2023-05-16T11:25:24","guid":{"rendered":"https:\/\/educamanagement.com\/?page_id=119"},"modified":"2023-07-04T07:05:03","modified_gmt":"2023-07-04T07:05:03","slug":"politicas-de-privacidad","status":"publish","type":"page","link":"https:\/\/educamanagement.com\/en\/politicas-de-privacidad\/","title":{"rendered":"Privacy policy"},"content":{"rendered":"<div data-elementor-type=\"wp-page\" data-elementor-id=\"119\" class=\"elementor elementor-119\" data-elementor-settings=\"{&quot;ha_cmc_init_switcher&quot;:&quot;no&quot;}\">\n\t\t\t\t\t\t<section class=\"elementor-section elementor-top-section elementor-element elementor-element-025844a elementor-section-boxed elementor-section-height-default elementor-section-height-default wpr-particle-no wpr-jarallax-no wpr-parallax-no wpr-sticky-section-no\" data-id=\"025844a\" data-element_type=\"section\" data-settings=\"{&quot;_ha_eqh_enable&quot;:false}\">\n\t\t\t\t\t\t<div class=\"elementor-container elementor-column-gap-default\">\n\t\t\t\t\t<div class=\"elementor-column elementor-col-100 elementor-top-column elementor-element elementor-element-39259b9\" data-id=\"39259b9\" data-element_type=\"column\">\n\t\t\t<div class=\"elementor-widget-wrap elementor-element-populated\">\n\t\t\t\t\t\t<div class=\"elementor-element elementor-element-618cb31 elementor-widget elementor-widget-heading\" data-id=\"618cb31\" data-element_type=\"widget\" data-widget_type=\"heading.default\">\n\t\t\t\t<div class=\"elementor-widget-container\">\n\t\t\t\t\t<h1 class=\"elementor-heading-title elementor-size-default\">Privacy policy<\/h1>\t\t\t\t<\/div>\n\t\t\t\t<\/div>\n\t\t\t\t<div class=\"elementor-element elementor-element-818b8c2 elementor-widget elementor-widget-heading\" data-id=\"818b8c2\" data-element_type=\"widget\" data-widget_type=\"heading.default\">\n\t\t\t\t<div class=\"elementor-widget-container\">\n\t\t\t\t\t<p class=\"elementor-heading-title elementor-size-default\"><span style=\"font-size: 17.6px\">EDUCA SCHOOLS MANAGEMENT SL, will process the data for:<\/span><\/p>\t\t\t\t<\/div>\n\t\t\t\t<\/div>\n\t\t\t\t<div class=\"elementor-element elementor-element-2d2fecc elementor-widget elementor-widget-text-editor\" data-id=\"2d2fecc\" data-element_type=\"widget\" data-widget_type=\"text-editor.default\">\n\t\t\t\t<div class=\"elementor-widget-container\">\n\t\t\t\t\t\t\t\t\t<ol><li style=\"list-style-type: none;\"><ol><li>Management of queries, complaints\/incidents, claims and requests made by the user. EDUCA SCHOOLS MANAGEMENT SL, will process the data necessary to deal with the request made by the user. In this way, we will process data such as name, surname, e-mail, telephone, province, postcode, as well as information relating to whether the user is a client of EDUCA SCHOOLS MANAGEMENT SL or not.<br \/><br \/><\/li><li>Computer control of the website. This party will carry out those actions of surveillance and control of the use of the website in order to prevent and detect any fraudulent use in order to avoid, prevent and\/or detect any unauthorised access, alteration or los of information relating to third parties other tan the user that may generale criminal and administrative liabilities for EDUCA SCHOOLS MANAGEMENT SL.<\/li><\/ol><\/li><\/ol>\t\t\t\t\t\t\t\t<\/div>\n\t\t\t\t<\/div>\n\t\t\t\t<div class=\"elementor-element elementor-element-6b2d582 elementor-widget elementor-widget-heading\" data-id=\"6b2d582\" data-element_type=\"widget\" data-widget_type=\"heading.default\">\n\t\t\t\t<div class=\"elementor-widget-container\">\n\t\t\t\t\t<p class=\"elementor-heading-title elementor-size-default\">Trataremos sus datos durante el tiempo necesario para la atenci\u00f3n de la solicitud requerida por el cliente. En este sentido mantendremos bloqueados sus datos personales durante el plazo de prescripci\u00f3n de las acciones que pudieran derivarse de la relaci\u00f3n mantenida con el interesado o para la atenci\u00f3n de requerimientos de autoridades p\u00fablicas.\n\nLos datos personales que EDUCA SCHOOLS MANAGEMENT trata del usuario en su p\u00e1gina web son aquellos que el usuario comunica en los formularios habilitados.  Se obtendr\u00e1 el consentimiento de los usuarios a trav\u00e9s de las casillas especificas ubicadas en los formularios online.\n\nLos usuarios tienen los siguientes derechos en protecci\u00f3n de datos:<\/p>\t\t\t\t<\/div>\n\t\t\t\t<\/div>\n\t\t\t\t<div class=\"elementor-element elementor-element-3509e45 elementor-widget elementor-widget-text-editor\" data-id=\"3509e45\" data-element_type=\"widget\" data-widget_type=\"text-editor.default\">\n\t\t\t\t<div class=\"elementor-widget-container\">\n\t\t\t\t\t\t\t\t\t<ol><li style=\"list-style-type: none;\"><ul><li>You have the right to obtain confirmation as to whether or not EDUCA SCHOOLS MANAGEMENT is processing personal data concerning you, and, if so, to access your personal data, as well as to request the rectification of inaccurate data or, where appropriate, to request its deletion when, among other reasons, the data is no longer necessary for the purposes for which it was collected.<\/li><\/ul><\/li><\/ol>\t\t\t\t\t\t\t\t<\/div>\n\t\t\t\t<\/div>\n\t\t\t\t<div class=\"elementor-element elementor-element-80e8afa elementor-widget elementor-widget-heading\" data-id=\"80e8afa\" data-element_type=\"widget\" data-widget_type=\"heading.default\">\n\t\t\t\t<div class=\"elementor-widget-container\">\n\t\t\t\t\t<p class=\"elementor-heading-title elementor-size-default\"><span style=\"font-size: 17.6px\">In certain circumstances, you may request that we restrict the processing of your data, in which case we will only retain them for the purpose of exercising or defending claims.<\/span><\/p>\t\t\t\t<\/div>\n\t\t\t\t<\/div>\n\t\t\t\t<div class=\"elementor-element elementor-element-1463d91 elementor-widget elementor-widget-text-editor\" data-id=\"1463d91\" data-element_type=\"widget\" data-widget_type=\"text-editor.default\">\n\t\t\t\t<div class=\"elementor-widget-container\">\n\t\t\t\t\t\t\t\t\t<ol><li style=\"list-style-type: none;\"><ul><li><span style=\"font-style: inherit; font-weight: inherit; color: var( --e-global-color-primary ); background-color: var(--ast-global-color-5);\">You may request the portability of your data to be sent directly to the entity designated by you in a structured, commonly used and machine-readable format.<\/span><\/li><li><span style=\"font-style: inherit; font-weight: inherit; color: var( --e-global-color-primary ); background-color: var(--ast-global-color-5);\">U<\/span>sted puede desde este momento y en cualquier otro posterior retirar el consentimiento otorgado para el tratamiento.\u00a0<\/li><\/ul><\/li><\/ol>\t\t\t\t\t\t\t\t<\/div>\n\t\t\t\t<\/div>\n\t\t\t\t<div class=\"elementor-element elementor-element-7b27542 elementor-widget elementor-widget-heading\" data-id=\"7b27542\" data-element_type=\"widget\" data-widget_type=\"heading.default\">\n\t\t\t\t<div class=\"elementor-widget-container\">\n\t\t\t\t\t<p class=\"elementor-heading-title elementor-size-default\"><span style=\"font-size: 17.6px\">You may complain to the Spanish Data Protection Agency (competent supervisory authority in this matter), especially when you have not obtained satisfaction in the exercise of your rights, by writing to the same, C\/ Jorge Juan, number 6, 28001 - Madrid or through the web: https:\/\/www.agpd.es<\/span><\/p>\t\t\t\t<\/div>\n\t\t\t\t<\/div>\n\t\t\t\t\t<\/div>\n\t\t<\/div>\n\t\t\t\t\t<\/div>\n\t\t<\/section>\n\t\t\t\t<\/div>","protected":false},"excerpt":{"rendered":"<p>Pol\u00edticas de privacidad EDUCA SCHOOLS MANAGEMENT SL, tratar\u00e1 los datos para: Gesti\u00f3n de consultas, quejas\/incidencias, reclamaciones y solicitudes realizadas por parte del usuario. EDUCA SCHOOLS MANAGEMENT SL, realizar\u00e1 aquellos tratamientos de datos necesarios para la atenci\u00f3n de la solicitud requerida por parte del usuario. De esta forma, trataremos datos como su nombre, apellidos, e-mail, tel\u00e9fono, provincia, c\u00f3digo postal, as\u00ed como la informaci\u00f3n relativa a si el usuario es cliente de EDUCA SHCOOLS MANAGEMENT SL o no. Control inform\u00e1tico de la p\u00e1gina web. Se realizar\u00e1 por esta parte aquellas actuaciones de vigilancia y control del uso de la p\u00e1gina web con el fin de prevenir y detectar cualquier utilizaci\u00f3n fraudulenta con el fin de evitar, prevenir y\/o detectar cualquier acceso no autorizado, alteraci\u00f3n o perdida de aquella informaci\u00f3n relativa a terceras personas diferentes al usuario que pueda generar para EDUCA SCHOOLS MANAGEMENT SL responsabilidades civiles, penales y administrativas. Trataremos sus datos durante el tiempo necesario para la atenci\u00f3n de la solicitud requerida por el cliente. En este sentido mantendremos bloqueados sus datos personales durante el plazo de prescripci\u00f3n de las acciones que pudieran derivarse de la relaci\u00f3n mantenida con el interesado o para la atenci\u00f3n de requerimientos de autoridades p\u00fablicas. Los datos personales que EDUCA SCHOOLS MANAGEMENT trata del usuario en su p\u00e1gina web son aquellos que el usuario comunica en los formularios habilitados. Se obtendr\u00e1 el consentimiento de los usuarios a trav\u00e9s de las casillas especificas ubicadas en los formularios online. Los usuarios tienen los siguientes derechos en protecci\u00f3n de datos: Usted tiene derecho a obtener confirmaci\u00f3n sobre si en EDUCA SCHOOLS MANAGEMENT estamos tratando datos personales que le conciernen, o no, y, en tal caso, a acceder a sus datos personales, as\u00ed como a solicitar la rectificaci\u00f3n de los datos inexactos o, en su caso, solicitar su supresi\u00f3n cuando, entre otros motivos, los datos ya no sean necesarios para los fines que fueron recogidos. En determinadas circunstancias, usted podr\u00e1 solicitar la limitaci\u00f3n del tratamiento de sus datos, en cuyo caso \u00fanicamente los conservaremos para el ejercicio o la defensa de reclamaciones. Usted podr\u00e1 solicitar la portabilidad de sus datos para que \u00e9stos sean remitidos directamente a la entidad por \u00e9l designada en un formato estructurado, de uso com\u00fan y lectura mec\u00e1nica. Usted puede desde este momento y en cualquier otro posterior retirar el consentimiento otorgado para el tratamiento.\u00a0 Usted podr\u00e1 reclamar ante la Agencia Espa\u00f1ola de Protecci\u00f3n de Datos (Autoridad de Control competente en esta materia), especialmente cuando no haya obtenido satisfacci\u00f3n en el ejercicio de sus derechos, mediante escrito dirigido a la misma, C\/ Jorge Juan, n\u00famero 6, 28001 \u2013 Madrid o a trav\u00e9s de la web: https:\/\/www.agpd.es<\/p>","protected":false},"author":1,"featured_media":0,"parent":0,"menu_order":0,"comment_status":"closed","ping_status":"closed","template":"","meta":{"om_disable_all_campaigns":false,"_monsterinsights_skip_tracking":false,"_monsterinsights_sitenote_active":false,"_monsterinsights_sitenote_note":"","_monsterinsights_sitenote_category":0,"_uf_show_specific_survey":0,"_uf_disable_surveys":false,"site-sidebar-layout":"no-sidebar","site-content-layout":"page-builder","ast-site-content-layout":"default","site-content-style":"default","site-sidebar-style":"default","ast-global-header-display":"","ast-banner-title-visibility":"","ast-main-header-display":"","ast-hfb-above-header-display":"","ast-hfb-below-header-display":"","ast-hfb-mobile-header-display":"","site-post-title":"disabled","ast-breadcrumbs-content":"","ast-featured-img":"disabled","footer-sml-layout":"","theme-transparent-header-meta":"","adv-header-id-meta":"","stick-header-meta":"","header-above-stick-meta":"","header-main-stick-meta":"","header-below-stick-meta":"","astra-migrate-meta-layouts":"default","ast-page-background-enabled":"default","ast-page-background-meta":{"desktop":{"background-color":"var(--ast-global-color-4)","background-image":"","background-repeat":"repeat","background-position":"center center","background-size":"auto","background-attachment":"scroll","background-type":"","background-media":"","overlay-type":"","overlay-color":"","overlay-opacity":"","overlay-gradient":""},"tablet":{"background-color":"","background-image":"","background-repeat":"repeat","background-position":"center center","background-size":"auto","background-attachment":"scroll","background-type":"","background-media":"","overlay-type":"","overlay-color":"","overlay-opacity":"","overlay-gradient":""},"mobile":{"background-color":"","background-image":"","background-repeat":"repeat","background-position":"center center","background-size":"auto","background-attachment":"scroll","background-type":"","background-media":"","overlay-type":"","overlay-color":"","overlay-opacity":"","overlay-gradient":""}},"ast-content-background-meta":{"desktop":{"background-color":"var(--ast-global-color-5)","background-image":"","background-repeat":"repeat","background-position":"center center","background-size":"auto","background-attachment":"scroll","background-type":"","background-media":"","overlay-type":"","overlay-color":"","overlay-opacity":"","overlay-gradient":""},"tablet":{"background-color":"var(--ast-global-color-5)","background-image":"","background-repeat":"repeat","background-position":"center center","background-size":"auto","background-attachment":"scroll","background-type":"","background-media":"","overlay-type":"","overlay-color":"","overlay-opacity":"","overlay-gradient":""},"mobile":{"background-color":"var(--ast-global-color-5)","background-image":"","background-repeat":"repeat","background-position":"center center","background-size":"auto","background-attachment":"scroll","background-type":"","background-media":"","overlay-type":"","overlay-color":"","overlay-opacity":"","overlay-gradient":""}},"footnotes":""},"class_list":["post-119","page","type-page","status-publish","hentry"],"aioseo_notices":[],"_links":{"self":[{"href":"https:\/\/educamanagement.com\/en\/wp-json\/wp\/v2\/pages\/119","targetHints":{"allow":["GET"]}}],"collection":[{"href":"https:\/\/educamanagement.com\/en\/wp-json\/wp\/v2\/pages"}],"about":[{"href":"https:\/\/educamanagement.com\/en\/wp-json\/wp\/v2\/types\/page"}],"author":[{"embeddable":true,"href":"https:\/\/educamanagement.com\/en\/wp-json\/wp\/v2\/users\/1"}],"replies":[{"embeddable":true,"href":"https:\/\/educamanagement.com\/en\/wp-json\/wp\/v2\/comments?post=119"}],"version-history":[{"count":13,"href":"https:\/\/educamanagement.com\/en\/wp-json\/wp\/v2\/pages\/119\/revisions"}],"predecessor-version":[{"id":1879,"href":"https:\/\/educamanagement.com\/en\/wp-json\/wp\/v2\/pages\/119\/revisions\/1879"}],"wp:attachment":[{"href":"https:\/\/educamanagement.com\/en\/wp-json\/wp\/v2\/media?parent=119"}],"curies":[{"name":"wp","href":"https:\/\/api.w.org\/{rel}","templated":true}]}}