{"id":116,"date":"2023-05-16T11:24:47","date_gmt":"2023-05-16T11:24:47","guid":{"rendered":"https:\/\/educamanagement.com\/?page_id=116"},"modified":"2023-07-04T07:05:49","modified_gmt":"2023-07-04T07:05:49","slug":"aviso-legal","status":"publish","type":"page","link":"https:\/\/educamanagement.com\/en\/aviso-legal\/","title":{"rendered":"Legal warning"},"content":{"rendered":"<div data-elementor-type=\"wp-page\" data-elementor-id=\"116\" class=\"elementor elementor-116\" data-elementor-settings=\"{&quot;ha_cmc_init_switcher&quot;:&quot;no&quot;}\">\n\t\t\t\t\t\t<section class=\"elementor-section elementor-top-section elementor-element elementor-element-90e7db0 elementor-section-boxed elementor-section-height-default elementor-section-height-default wpr-particle-no wpr-jarallax-no wpr-parallax-no wpr-sticky-section-no\" data-id=\"90e7db0\" data-element_type=\"section\" data-settings=\"{&quot;_ha_eqh_enable&quot;:false}\">\n\t\t\t\t\t\t<div class=\"elementor-container elementor-column-gap-default\">\n\t\t\t\t\t<div class=\"elementor-column elementor-col-100 elementor-top-column elementor-element elementor-element-53f288b\" data-id=\"53f288b\" data-element_type=\"column\">\n\t\t\t<div class=\"elementor-widget-wrap elementor-element-populated\">\n\t\t\t\t\t\t<div class=\"elementor-element elementor-element-8759d59 elementor-widget elementor-widget-heading\" data-id=\"8759d59\" data-element_type=\"widget\" data-widget_type=\"heading.default\">\n\t\t\t\t<div class=\"elementor-widget-container\">\n\t\t\t\t\t<h1 class=\"elementor-heading-title elementor-size-default\">Legal warning<\/h1>\t\t\t\t<\/div>\n\t\t\t\t<\/div>\n\t\t\t\t\t<\/div>\n\t\t<\/div>\n\t\t\t\t\t<\/div>\n\t\t<\/section>\n\t\t\t\t<section class=\"elementor-section elementor-top-section elementor-element elementor-element-53a15d2 elementor-section-boxed elementor-section-height-default elementor-section-height-default wpr-particle-no wpr-jarallax-no wpr-parallax-no wpr-sticky-section-no\" data-id=\"53a15d2\" data-element_type=\"section\" data-settings=\"{&quot;_ha_eqh_enable&quot;:false}\">\n\t\t\t\t\t\t<div class=\"elementor-container elementor-column-gap-default\">\n\t\t\t\t\t<div class=\"elementor-column elementor-col-100 elementor-top-column elementor-element elementor-element-abb217c\" data-id=\"abb217c\" data-element_type=\"column\">\n\t\t\t<div class=\"elementor-widget-wrap elementor-element-populated\">\n\t\t\t\t\t\t<div class=\"elementor-element elementor-element-f300432 elementor-widget elementor-widget-heading\" data-id=\"f300432\" data-element_type=\"widget\" data-widget_type=\"heading.default\">\n\t\t\t\t<div class=\"elementor-widget-container\">\n\t\t\t\t\t<h2 class=\"elementor-heading-title elementor-size-default\">Owner of the website<\/h2>\t\t\t\t<\/div>\n\t\t\t\t<\/div>\n\t\t\t\t<div class=\"elementor-element elementor-element-9b92ec3 elementor-widget elementor-widget-heading\" data-id=\"9b92ec3\" data-element_type=\"widget\" data-widget_type=\"heading.default\">\n\t\t\t\t<div class=\"elementor-widget-container\">\n\t\t\t\t\t<p class=\"elementor-heading-title elementor-size-default\">The identification details of the person responsible for this website are: EDUCA SCHOOLS MANAGEMENT, SL with Tax Identification Code B01898238, registered in the Commercial Register of Madrid, volume 40822, folio 176, page number M-724210, inscription 1 and address at Avenida de Europa 19, 3.A - Alcobendas, 28108 Madrid.<\/p>\t\t\t\t<\/div>\n\t\t\t\t<\/div>\n\t\t\t\t\t<\/div>\n\t\t<\/div>\n\t\t\t\t\t<\/div>\n\t\t<\/section>\n\t\t\t\t<section class=\"elementor-section elementor-top-section elementor-element elementor-element-6705224 elementor-section-boxed elementor-section-height-default elementor-section-height-default wpr-particle-no wpr-jarallax-no wpr-parallax-no wpr-sticky-section-no\" data-id=\"6705224\" data-element_type=\"section\" data-settings=\"{&quot;_ha_eqh_enable&quot;:false}\">\n\t\t\t\t\t\t<div class=\"elementor-container elementor-column-gap-default\">\n\t\t\t\t\t<div class=\"elementor-column elementor-col-100 elementor-top-column elementor-element elementor-element-c9581b4\" data-id=\"c9581b4\" data-element_type=\"column\">\n\t\t\t<div class=\"elementor-widget-wrap elementor-element-populated\">\n\t\t\t\t\t\t<div class=\"elementor-element elementor-element-63743b9 elementor-widget elementor-widget-heading\" data-id=\"63743b9\" data-element_type=\"widget\" data-widget_type=\"heading.default\">\n\t\t\t\t<div class=\"elementor-widget-container\">\n\t\t\t\t\t<h2 class=\"elementor-heading-title elementor-size-default\">Teams and Conditions of use<\/h2>\t\t\t\t<\/div>\n\t\t\t\t<\/div>\n\t\t\t\t<div class=\"elementor-element elementor-element-77f9e3b elementor-widget elementor-widget-heading\" data-id=\"77f9e3b\" data-element_type=\"widget\" data-widget_type=\"heading.default\">\n\t\t\t\t<div class=\"elementor-widget-container\">\n\t\t\t\t\t<p class=\"elementor-heading-title elementor-size-default\"><span style=\"font-size: 17.6px\">The following provisions regulate access to and use of this website. Browsing this website confers the status of user on any natural person interested in the services of this page and implies full and unreserved acceptance of this legal notice.\n<\/span><span style=\"font-size: 17.6px\">\nThe user expressly and without exception accepts that access to and use of this website, its services and contents is at his\/her sole and exclusive responsibility. In the event that the user does not agree with the content of these conditions, he\/she must leave this website and may not make use of the services offered.\n<\/span><span style=\"font-size: 17.6px\">\nAccess to this website is free and does not require subscription or registration.\n<\/span><span style=\"font-size: 17.6px\">\nThis legal notice may be modified at any time to adapt it to legislative, jurisprudential or technological changes. These modifications will be considered to have been as notified as soon as they are published on this page.<\/span><\/p>\t\t\t\t<\/div>\n\t\t\t\t<\/div>\n\t\t\t\t\t<\/div>\n\t\t<\/div>\n\t\t\t\t\t<\/div>\n\t\t<\/section>\n\t\t\t\t<section class=\"elementor-section elementor-top-section elementor-element elementor-element-d427ca3 elementor-section-boxed elementor-section-height-default elementor-section-height-default wpr-particle-no wpr-jarallax-no wpr-parallax-no wpr-sticky-section-no\" data-id=\"d427ca3\" data-element_type=\"section\" data-settings=\"{&quot;_ha_eqh_enable&quot;:false}\">\n\t\t\t\t\t\t<div class=\"elementor-container elementor-column-gap-default\">\n\t\t\t\t\t<div class=\"elementor-column elementor-col-100 elementor-top-column elementor-element elementor-element-5c72e06\" data-id=\"5c72e06\" data-element_type=\"column\">\n\t\t\t<div class=\"elementor-widget-wrap elementor-element-populated\">\n\t\t\t\t\t\t<div class=\"elementor-element elementor-element-fdfcfae elementor-widget elementor-widget-heading\" data-id=\"fdfcfae\" data-element_type=\"widget\" data-widget_type=\"heading.default\">\n\t\t\t\t<div class=\"elementor-widget-container\">\n\t\t\t\t\t<h2 class=\"elementor-heading-title elementor-size-default\">Intellectual property rights<\/h2>\t\t\t\t<\/div>\n\t\t\t\t<\/div>\n\t\t\t\t<div class=\"elementor-element elementor-element-9602b26 elementor-widget elementor-widget-heading\" data-id=\"9602b26\" data-element_type=\"widget\" data-widget_type=\"heading.default\">\n\t\t\t\t<div class=\"elementor-widget-container\">\n\t\t\t\t\t<p class=\"elementor-heading-title elementor-size-default\">Todos los derechos sobre el contenido del presente sitio web pertenecen a EDUCA SCHOOLS MANAGEMENT SL. El dise\u00f1o, contenidos, textos, fotograf\u00edas, im\u00e1genes, mapas, gr\u00e1ficos, marcas, nombres, comerciales, ilustraciones, banners, estructura de pagina y de navegaci\u00f3n, o c\u00f3digo fuente de este sitio son titularidad de EDUCA SCHOOLS MANAGEMENT SL, que posee leg\u00edtimamente los derechos de explotaci\u00f3n pertinentes.\n\nLos logotipos de otras sociedades que pudieran aparecer son titularidad de cada una de ellas, disponiendo leg\u00edtimamente los derechos de explotaci\u00f3n sobre los mismos.\n\nEn ning\u00fan caso, el usuario que acceda a este sitio web puede copiar, modificar, distribuir, transmitir, reproducir, publicar, ceder, vender los elementos anteriormente mencionados o crear nuevos productos o servicios a partir de la informaci\u00f3n obtenida, a excepci\u00f3n de que cuente con autorizaci\u00f3n expresa y por escrito de EDUCA SCHOOLS MANAGEMENT SL. Este material est\u00e1 protegido por la legislaci\u00f3n de la propiedad intelectual y su uso indebido puede ser objeto incluso de sanciones penales.\n\nLa consulta o descarga de contenidos del sitio no implican la cesi\u00f3n de ning\u00fan derecho de propiedad intelectual sobre los mismos.\n\nLos usuarios responder\u00e1n de los da\u00f1os y perjuicios de cualquier clase que EDUCA SCHOOLS MANAGEMENT pueda sufrir, directa o indirectamente, como consecuencia del incumplimiento de la normativa vigente o de cualquiera de las obligaciones derivadas del uso de este sitio web. EDUCA SCHOOLS MANAGEMENT, se reserva cuantos medios o acciones legales le correspondan en defensa de sus leg\u00edtimos derechos de propiedad intelectual o industrial.<\/p>\t\t\t\t<\/div>\n\t\t\t\t<\/div>\n\t\t\t\t\t<\/div>\n\t\t<\/div>\n\t\t\t\t\t<\/div>\n\t\t<\/section>\n\t\t\t\t<section class=\"elementor-section elementor-top-section elementor-element elementor-element-f3c6bc0 elementor-section-boxed elementor-section-height-default elementor-section-height-default wpr-particle-no wpr-jarallax-no wpr-parallax-no wpr-sticky-section-no\" data-id=\"f3c6bc0\" data-element_type=\"section\" data-settings=\"{&quot;_ha_eqh_enable&quot;:false}\">\n\t\t\t\t\t\t<div class=\"elementor-container elementor-column-gap-default\">\n\t\t\t\t\t<div class=\"elementor-column elementor-col-100 elementor-top-column elementor-element elementor-element-7bcc223\" data-id=\"7bcc223\" data-element_type=\"column\">\n\t\t\t<div class=\"elementor-widget-wrap elementor-element-populated\">\n\t\t\t\t\t\t<div class=\"elementor-element elementor-element-77e717f elementor-widget elementor-widget-heading\" data-id=\"77e717f\" data-element_type=\"widget\" data-widget_type=\"heading.default\">\n\t\t\t\t<div class=\"elementor-widget-container\">\n\t\t\t\t\t<h2 class=\"elementor-heading-title elementor-size-default\">Exemption from liability<\/h2>\t\t\t\t<\/div>\n\t\t\t\t<\/div>\n\t\t\t\t<div class=\"elementor-element elementor-element-9108333 elementor-widget elementor-widget-heading\" data-id=\"9108333\" data-element_type=\"widget\" data-widget_type=\"heading.default\">\n\t\t\t\t<div class=\"elementor-widget-container\">\n\t\t\t\t\t<p class=\"elementor-heading-title elementor-size-default\"><span style=\"font-size: 17.6px\">This Website, as well as any content of the same, contains material prepared by EDUCA SCHOOLS MANAGEMENT SL, for merely informative purposes and, by means of the same, no professional advice or service is provided to the user. We therefore disclaim all liability for possible damages of any kind that users may suffer from the use of incomplete, inaccurate or outdated data, or for the possible suspension, cancellation or inoperability of its contents or services (article 17.1 of the LSSI-CE).\n<\/span><span style=\"font-size: 17.6px\">\nWe welcome any suggestions or comments that may help us to improve this website. The use of the contents and services of this website is under the sole and exclusive responsibility of the user.<\/span><\/p>\t\t\t\t<\/div>\n\t\t\t\t<\/div>\n\t\t\t\t\t<\/div>\n\t\t<\/div>\n\t\t\t\t\t<\/div>\n\t\t<\/section>\n\t\t\t\t<section class=\"elementor-section elementor-top-section elementor-element elementor-element-f8028aa elementor-section-boxed elementor-section-height-default elementor-section-height-default wpr-particle-no wpr-jarallax-no wpr-parallax-no wpr-sticky-section-no\" data-id=\"f8028aa\" data-element_type=\"section\" data-settings=\"{&quot;_ha_eqh_enable&quot;:false}\">\n\t\t\t\t\t\t<div class=\"elementor-container elementor-column-gap-default\">\n\t\t\t\t\t<div class=\"elementor-column elementor-col-100 elementor-top-column elementor-element elementor-element-b1011dd\" data-id=\"b1011dd\" data-element_type=\"column\">\n\t\t\t<div class=\"elementor-widget-wrap elementor-element-populated\">\n\t\t\t\t\t\t<div class=\"elementor-element elementor-element-80573b9 elementor-widget elementor-widget-heading\" data-id=\"80573b9\" data-element_type=\"widget\" data-widget_type=\"heading.default\">\n\t\t\t\t<div class=\"elementor-widget-container\">\n\t\t\t\t\t<h2 class=\"elementor-heading-title elementor-size-default\">Links<\/h2>\t\t\t\t<\/div>\n\t\t\t\t<\/div>\n\t\t\t\t<div class=\"elementor-element elementor-element-39d4e2b elementor-widget elementor-widget-heading\" data-id=\"39d4e2b\" data-element_type=\"widget\" data-widget_type=\"heading.default\">\n\t\t\t\t<div class=\"elementor-widget-container\">\n\t\t\t\t\t<p class=\"elementor-heading-title elementor-size-default\"><span style=\"font-size: 17.6px\">External links leading to other websites are offered without any profit motives with the sole aim of improving the information provided to the user.\n<\/span><span style=\"font-size: 17.6px\">\nTherefore, we are not responsible for the contents linked, nor for any modifications that may be made to them, nor do we guarantee the absence of viruses or other elementes in them that may cause alterations in the computer system, excluding any liability for damages of any kind caused to the user for this reason.<\/span><\/p>\t\t\t\t<\/div>\n\t\t\t\t<\/div>\n\t\t\t\t\t<\/div>\n\t\t<\/div>\n\t\t\t\t\t<\/div>\n\t\t<\/section>\n\t\t\t\t<section class=\"elementor-section elementor-top-section elementor-element elementor-element-7f59ead elementor-section-boxed elementor-section-height-default elementor-section-height-default wpr-particle-no wpr-jarallax-no wpr-parallax-no wpr-sticky-section-no\" data-id=\"7f59ead\" data-element_type=\"section\" data-settings=\"{&quot;_ha_eqh_enable&quot;:false}\">\n\t\t\t\t\t\t<div class=\"elementor-container elementor-column-gap-default\">\n\t\t\t\t\t<div class=\"elementor-column elementor-col-100 elementor-top-column elementor-element elementor-element-2f9ebe8\" data-id=\"2f9ebe8\" data-element_type=\"column\">\n\t\t\t<div class=\"elementor-widget-wrap elementor-element-populated\">\n\t\t\t\t\t\t<div class=\"elementor-element elementor-element-e699996 elementor-widget elementor-widget-heading\" data-id=\"e699996\" data-element_type=\"widget\" data-widget_type=\"heading.default\">\n\t\t\t\t<div class=\"elementor-widget-container\">\n\t\t\t\t\t<h2 class=\"elementor-heading-title elementor-size-default\">Applicable jurisdiction<\/h2>\t\t\t\t<\/div>\n\t\t\t\t<\/div>\n\t\t\t\t<div class=\"elementor-element elementor-element-6318955 elementor-widget elementor-widget-heading\" data-id=\"6318955\" data-element_type=\"widget\" data-widget_type=\"heading.default\">\n\t\t\t\t<div class=\"elementor-widget-container\">\n\t\t\t\t\t<p class=\"elementor-heading-title elementor-size-default\"><span style=\"font-size: 17.6px\">Any relationship between the user and EDUCA SCHOOLS MANAGEMENT SL shall be governed and interpreted in accordance with Spanish legislation. In the event of a conflict, the parties submit themselves to the Courts and Tribunals that are competent at any time and provided that the applicable legislation allows it and if they have the possibility of doing so, they will voluntarily submit themselves to the Courts and Tribunals of Madrid.<\/span><\/p>\t\t\t\t<\/div>\n\t\t\t\t<\/div>\n\t\t\t\t\t<\/div>\n\t\t<\/div>\n\t\t\t\t\t<\/div>\n\t\t<\/section>\n\t\t\t\t<\/div>","protected":false},"excerpt":{"rendered":"<p>Aviso legal Titular del sitio Los datos identificativos del responsable del presente sitio web son: EDUCA SCHOOLS MANAGEMENT, SL con CIF B01898238, inscrita en el Registro Mercantil de Madrid, al tomo 40822, folio 176, hoja n\u00famero M-724210, inscripci\u00f3n 1 y domicilio en Avenida de Europa 19, 3.A \u2013 Alcobendas, 28108 Madrid. Condiciones de uso Las siguientes disposiciones regulan el acceso y uso de este sitio web. La navegaci\u00f3n por este sitio web atribuye la condici\u00f3n de usuario a toda persona f\u00edsica interesada en los servicios de esta p\u00e1gina e implica la acepci\u00f3n plena y sin reservas del presente aviso legal. El usuario acepta de forma expresa y sin excepciones que el acceso y la utilizaci\u00f3n del presente sitio web, de sus servicios y sus contenidos tiene lugar bajo su \u00fanica y exclusiva responsabilidad. En el caso de que el usuario no estuviera de acuerdo con el contenido de las presentes condiciones, deber\u00e1 abandonar este sitio web, no pudiendo disponer de los servicios que se ofrecen. El acceso a esta web tiene car\u00e1cter libre y gratuito y no requiere suscripci\u00f3n o registro. El presente aviso legal podr\u00e1 modificarse en cualquier momento, para adecuarlo a cambios legislativos, jurisprudenciales o tecnol\u00f3gicos. Estas modificaciones se considerar\u00e1n notificadas desde su publicaci\u00f3n en esta p\u00e1gina. Propiedad intelectual Todos los derechos sobre el contenido del presente sitio web pertenecen a EDUCA SCHOOLS MANAGEMENT SL. El dise\u00f1o, contenidos, textos, fotograf\u00edas, im\u00e1genes, mapas, gr\u00e1ficos, marcas, nombres, comerciales, ilustraciones, banners, estructura de pagina y de navegaci\u00f3n, o c\u00f3digo fuente de este sitio son titularidad de EDUCA SCHOOLS MANAGEMENT SL, que posee leg\u00edtimamente los derechos de explotaci\u00f3n pertinentes. Los logotipos de otras sociedades que pudieran aparecer son titularidad de cada una de ellas, disponiendo leg\u00edtimamente los derechos de explotaci\u00f3n sobre los mismos. En ning\u00fan caso, el usuario que acceda a este sitio web puede copiar, modificar, distribuir, transmitir, reproducir, publicar, ceder, vender los elementos anteriormente mencionados o crear nuevos productos o servicios a partir de la informaci\u00f3n obtenida, a excepci\u00f3n de que cuente con autorizaci\u00f3n expresa y por escrito de EDUCA SCHOOLS MANAGEMENT SL. Este material est\u00e1 protegido por la legislaci\u00f3n de la propiedad intelectual y su uso indebido puede ser objeto incluso de sanciones penales. La consulta o descarga de contenidos del sitio no implican la cesi\u00f3n de ning\u00fan derecho de propiedad intelectual sobre los mismos. Los usuarios responder\u00e1n de los da\u00f1os y perjuicios de cualquier clase que EDUCA SCHOOLS MANAGEMENT pueda sufrir, directa o indirectamente, como consecuencia del incumplimiento de la normativa vigente o de cualquiera de las obligaciones derivadas del uso de este sitio web. EDUCA SCHOOLS MANAGEMENT, se reserva cuantos medios o acciones legales le correspondan en defensa de sus leg\u00edtimos derechos de propiedad intelectual o industrial. Exenci\u00f3n de responsabilidad El presente Sitio Web, as\u00ed como cualquier contenido del mismo, contiene material preparado por EDUCA SCHOOLS MANAGEMENT SL, con fines meramente informativos y, por medio del mismo, no se proporciona al usuario ning\u00fan asesoramiento o servicio profesional. Eludimos por tanto todo tipo de responsabilidad por los posibles da\u00f1os o perjuicios de cualquier \u00edndole que los usuarios pudieran sufrir por la utilizaci\u00f3n de datos incompletos, inexactos o desactualizados, o por la posible suspensi\u00f3n, cancelaci\u00f3n o inoperatividad de sus contenidos o servicios (art\u00edculo 17.1 de la LSSI-CE). Agradecemos las posibles sugerencias o comentarios que nos ayuden a mejorar el presente sitio web. La utilizaci\u00f3n de los contenidos y servicios de este sitio web se hace bajo la \u00fanica y exclusiva responsabilidad del usuario. Enlaces Los enlaces externos que conducen a otros sitios web se ofrecen sin ning\u00fan \u00e1nimo de lucro con el \u00fanico objetivo de mejorar la informaci\u00f3n al usuario. Por tanto, no nos hacemos responsables de los contenidos enlazados, ni de las modificaciones que se pudieran realizar en los mismos, ni se garantiza la ausencia de virus u otros elementos en los mismos que puedan producir alteraciones en el sistema inform\u00e1tico, excluyendo cualquier responsabilidad por los da\u00f1os de cualquier clase causados al usuario por este motivo. Jurisdicci\u00f3n aplicable Cualquier relaci\u00f3n entre el usuario y EDUCA SCHOOLS MANAGEMENT SL, se regir\u00e1 e interpretar\u00e1 de acuerdo a la legislaci\u00f3n espa\u00f1ola. En caso de conflicto, las partes se someten a los Juzgados y Tribunales que resulten competentes en cada momento y siempre que la legislaci\u00f3n aplicable lo permita y si tuvieran posibilidad de ello, se someter\u00e1n voluntariamente a los Juzgados y Tribunales de Madrid.<\/p>","protected":false},"author":1,"featured_media":0,"parent":0,"menu_order":0,"comment_status":"closed","ping_status":"closed","template":"","meta":{"om_disable_all_campaigns":false,"_monsterinsights_skip_tracking":false,"_monsterinsights_sitenote_active":false,"_monsterinsights_sitenote_note":"","_monsterinsights_sitenote_category":0,"_uf_show_specific_survey":0,"_uf_disable_surveys":false,"site-sidebar-layout":"no-sidebar","site-content-layout":"page-builder","ast-site-content-layout":"default","site-content-style":"default","site-sidebar-style":"default","ast-global-header-display":"","ast-banner-title-visibility":"","ast-main-header-display":"","ast-hfb-above-header-display":"","ast-hfb-below-header-display":"","ast-hfb-mobile-header-display":"","site-post-title":"disabled","ast-breadcrumbs-content":"","ast-featured-img":"disabled","footer-sml-layout":"","theme-transparent-header-meta":"","adv-header-id-meta":"","stick-header-meta":"","header-above-stick-meta":"","header-main-stick-meta":"","header-below-stick-meta":"","astra-migrate-meta-layouts":"default","ast-page-background-enabled":"default","ast-page-background-meta":{"desktop":{"background-color":"var(--ast-global-color-4)","background-image":"","background-repeat":"repeat","background-position":"center center","background-size":"auto","background-attachment":"scroll","background-type":"","background-media":"","overlay-type":"","overlay-color":"","overlay-opacity":"","overlay-gradient":""},"tablet":{"background-color":"","background-image":"","background-repeat":"repeat","background-position":"center center","background-size":"auto","background-attachment":"scroll","background-type":"","background-media":"","overlay-type":"","overlay-color":"","overlay-opacity":"","overlay-gradient":""},"mobile":{"background-color":"","background-image":"","background-repeat":"repeat","background-position":"center center","background-size":"auto","background-attachment":"scroll","background-type":"","background-media":"","overlay-type":"","overlay-color":"","overlay-opacity":"","overlay-gradient":""}},"ast-content-background-meta":{"desktop":{"background-color":"var(--ast-global-color-5)","background-image":"","background-repeat":"repeat","background-position":"center center","background-size":"auto","background-attachment":"scroll","background-type":"","background-media":"","overlay-type":"","overlay-color":"","overlay-opacity":"","overlay-gradient":""},"tablet":{"background-color":"var(--ast-global-color-5)","background-image":"","background-repeat":"repeat","background-position":"center center","background-size":"auto","background-attachment":"scroll","background-type":"","background-media":"","overlay-type":"","overlay-color":"","overlay-opacity":"","overlay-gradient":""},"mobile":{"background-color":"var(--ast-global-color-5)","background-image":"","background-repeat":"repeat","background-position":"center center","background-size":"auto","background-attachment":"scroll","background-type":"","background-media":"","overlay-type":"","overlay-color":"","overlay-opacity":"","overlay-gradient":""}},"footnotes":""},"class_list":["post-116","page","type-page","status-publish","hentry"],"aioseo_notices":[],"_links":{"self":[{"href":"https:\/\/educamanagement.com\/en\/wp-json\/wp\/v2\/pages\/116","targetHints":{"allow":["GET"]}}],"collection":[{"href":"https:\/\/educamanagement.com\/en\/wp-json\/wp\/v2\/pages"}],"about":[{"href":"https:\/\/educamanagement.com\/en\/wp-json\/wp\/v2\/types\/page"}],"author":[{"embeddable":true,"href":"https:\/\/educamanagement.com\/en\/wp-json\/wp\/v2\/users\/1"}],"replies":[{"embeddable":true,"href":"https:\/\/educamanagement.com\/en\/wp-json\/wp\/v2\/comments?post=116"}],"version-history":[{"count":22,"href":"https:\/\/educamanagement.com\/en\/wp-json\/wp\/v2\/pages\/116\/revisions"}],"predecessor-version":[{"id":1882,"href":"https:\/\/educamanagement.com\/en\/wp-json\/wp\/v2\/pages\/116\/revisions\/1882"}],"wp:attachment":[{"href":"https:\/\/educamanagement.com\/en\/wp-json\/wp\/v2\/media?parent=116"}],"curies":[{"name":"wp","href":"https:\/\/api.w.org\/{rel}","templated":true}]}}